{"id":279,"date":"2016-04-30T11:49:23","date_gmt":"2016-04-30T09:49:23","guid":{"rendered":"http:\/\/www.icchieri1.edu.it\/web\/?page_id=279"},"modified":"2020-11-21T00:29:11","modified_gmt":"2020-11-20T23:29:11","slug":"primaria-n-s-della-scala","status":"publish","type":"page","link":"https:\/\/www.icchieri1.edu.it\/web\/le-scuole\/primaria-n-s-della-scala\/","title":{"rendered":"Primaria N. S. della Scala"},"content":{"rendered":"<p><div class=\"fusion-fullwidth fullwidth-box fusion-builder-row-1 fusion-flex-container hundred-percent-fullwidth non-hundred-percent-height-scrolling\" style=\"--awb-border-radius-top-left:0px;--awb-border-radius-top-right:0px;--awb-border-radius-bottom-right:0px;--awb-border-radius-bottom-left:0px;--awb-padding-right:0px;--awb-padding-left:0px;--awb-margin-top:0px;--awb-flex-wrap:wrap;\" ><div class=\"fusion-builder-row fusion-row fusion-flex-align-items-flex-start fusion-flex-content-wrap\" style=\"width:104% !important;max-width:104% !important;margin-left: calc(-4% \/ 2 );margin-right: calc(-4% \/ 2 );\"><div class=\"fusion-layout-column fusion_builder_column fusion-builder-column-0 fusion_builder_column_1_1 1_1 fusion-flex-column\" style=\"--awb-bg-size:cover;--awb-width-large:100%;--awb-margin-top-large:0px;--awb-spacing-right-large:1.92%;--awb-margin-bottom-large:20px;--awb-spacing-left-large:1.92%;--awb-width-medium:100%;--awb-order-medium:0;--awb-spacing-right-medium:1.92%;--awb-spacing-left-medium:1.92%;--awb-width-small:100%;--awb-order-small:0;--awb-spacing-right-small:1.92%;--awb-spacing-left-small:1.92%;\"><div class=\"fusion-column-wrapper fusion-column-has-shadow fusion-flex-justify-content-flex-start fusion-content-layout-column\"><div class=\"fusion-image-element \" style=\"text-align:center;--awb-margin-bottom:20px;--awb-caption-title-font-family:var(--h2_typography-font-family);--awb-caption-title-font-weight:var(--h2_typography-font-weight);--awb-caption-title-font-style:var(--h2_typography-font-style);--awb-caption-title-size:var(--h2_typography-font-size);--awb-caption-title-transform:var(--h2_typography-text-transform);--awb-caption-title-line-height:var(--h2_typography-line-height);--awb-caption-title-letter-spacing:var(--h2_typography-letter-spacing);\"><span class=\" fusion-imageframe imageframe-none imageframe-1 hover-type-none\"><img decoding=\"async\" width=\"1800\" height=\"400\" title=\"top-stranieri\" src=\"https:\/\/www.icchieri1.edu.it\/web\/wp-content\/uploads\/2016\/04\/top-stranieri.png\" alt class=\"img-responsive wp-image-675\" srcset=\"https:\/\/www.icchieri1.edu.it\/web\/wp-content\/uploads\/2016\/04\/top-stranieri-300x67.png 300w, https:\/\/www.icchieri1.edu.it\/web\/wp-content\/uploads\/2016\/04\/top-stranieri-768x171.png 768w, https:\/\/www.icchieri1.edu.it\/web\/wp-content\/uploads\/2016\/04\/top-stranieri-1024x228.png 1024w, https:\/\/www.icchieri1.edu.it\/web\/wp-content\/uploads\/2016\/04\/top-stranieri.png 1800w\" sizes=\"(max-width: 1800px) 100vw, 1800px\" \/><\/span><\/div><\/div><\/div><\/div><\/div><div class=\"fusion-fullwidth fullwidth-box fusion-builder-row-2 fusion-flex-container nonhundred-percent-fullwidth non-hundred-percent-height-scrolling\" style=\"--awb-border-radius-top-left:0px;--awb-border-radius-top-right:0px;--awb-border-radius-bottom-right:0px;--awb-border-radius-bottom-left:0px;--awb-flex-wrap:wrap;\" ><div class=\"fusion-builder-row fusion-row fusion-flex-align-items-flex-start fusion-flex-content-wrap\" style=\"max-width:1248px;margin-left: calc(-4% \/ 2 );margin-right: calc(-4% \/ 2 );\"><div class=\"fusion-layout-column fusion_builder_column fusion-builder-column-1 fusion_builder_column_1_3 1_3 fusion-flex-column\" style=\"--awb-bg-size:cover;--awb-width-large:33.333333333333%;--awb-margin-top-large:0px;--awb-spacing-right-large:5.76%;--awb-margin-bottom-large:0px;--awb-spacing-left-large:5.76%;--awb-width-medium:33.333333333333%;--awb-spacing-right-medium:5.76%;--awb-spacing-left-medium:5.76%;--awb-width-small:100%;--awb-spacing-right-small:1.92%;--awb-spacing-left-small:1.92%;\"><div class=\"fusion-column-wrapper fusion-flex-justify-content-flex-start fusion-content-layout-column\"><div class=\"fusion-image-element \" style=\"text-align:center;--awb-caption-title-font-family:var(--h2_typography-font-family);--awb-caption-title-font-weight:var(--h2_typography-font-weight);--awb-caption-title-font-style:var(--h2_typography-font-style);--awb-caption-title-size:var(--h2_typography-font-size);--awb-caption-title-transform:var(--h2_typography-text-transform);--awb-caption-title-line-height:var(--h2_typography-line-height);--awb-caption-title-letter-spacing:var(--h2_typography-letter-spacing);\"><span class=\" fusion-imageframe imageframe-none imageframe-2 hover-type-none\"><img decoding=\"async\" width=\"1500\" height=\"950\" title=\"LA SCUOLA\" src=\"https:\/\/www.icchieri1.edu.it\/web\/wp-content\/uploads\/2016\/04\/LA-SCUOLA.png\" alt class=\"img-responsive wp-image-1447\" srcset=\"https:\/\/www.icchieri1.edu.it\/web\/wp-content\/uploads\/2016\/04\/LA-SCUOLA-300x190.png 300w, https:\/\/www.icchieri1.edu.it\/web\/wp-content\/uploads\/2016\/04\/LA-SCUOLA-768x486.png 768w, https:\/\/www.icchieri1.edu.it\/web\/wp-content\/uploads\/2016\/04\/LA-SCUOLA-1024x649.png 1024w, https:\/\/www.icchieri1.edu.it\/web\/wp-content\/uploads\/2016\/04\/LA-SCUOLA.png 1500w\" sizes=\"(max-width: 1500px) 100vw, 1500px\" \/><\/span><\/div><\/div><\/div><div class=\"fusion-layout-column fusion_builder_column fusion-builder-column-2 fusion_builder_column_1_3 1_3 fusion-flex-column\" style=\"--awb-bg-size:cover;--awb-width-large:33.333333333333%;--awb-margin-top-large:0px;--awb-spacing-right-large:5.76%;--awb-margin-bottom-large:0px;--awb-spacing-left-large:5.76%;--awb-width-medium:33.333333333333%;--awb-order-medium:0;--awb-spacing-right-medium:5.76%;--awb-spacing-left-medium:5.76%;--awb-width-small:100%;--awb-order-small:0;--awb-spacing-right-small:1.92%;--awb-spacing-left-small:1.92%;\"><div class=\"fusion-column-wrapper fusion-column-has-shadow fusion-flex-justify-content-flex-start fusion-content-layout-column\"><div class=\"fusion-text fusion-text-1\"><h3>DOVE SIAMO<\/h3>\n<p><strong>SCUOLA PRIMARIA\u00a0\u201cNostra Signora della Scala\u201d<\/strong><br \/>\nvia Nostra Signora della Scala 77\u00a0, 10023 &#8211; CHIERI (TO)<br \/>\nTel. <strong>011.9428.490<\/strong><br \/>\n<strong><span style=\"color: #00a2ff;\"><a style=\"color: #00a2ff;\" href=\"mailto:Toic8av005@istruzione.it\">Toic8av005@istruzione.it<\/a><\/span><\/strong><\/p>\n<\/div><\/div><\/div><div class=\"fusion-layout-column fusion_builder_column fusion-builder-column-3 fusion_builder_column_1_3 1_3 fusion-flex-column\" style=\"--awb-bg-size:cover;--awb-width-large:33.333333333333%;--awb-margin-top-large:0px;--awb-spacing-right-large:5.76%;--awb-margin-bottom-large:0px;--awb-spacing-left-large:5.76%;--awb-width-medium:33.333333333333%;--awb-order-medium:0;--awb-spacing-right-medium:5.76%;--awb-spacing-left-medium:5.76%;--awb-width-small:100%;--awb-order-small:0;--awb-spacing-right-small:1.92%;--awb-spacing-left-small:1.92%;\"><div class=\"fusion-column-wrapper fusion-column-has-shadow fusion-flex-justify-content-flex-start fusion-content-layout-column\"><div class=\"fusion-text fusion-text-2\"><h3 style=\"text-align: center;\">Esplora la scuola con la nostra AUDIOGUIDA<\/h3>\n<p style=\"text-align: center;\">clicca sul logo per aprire l&#8217;audioguida<\/p>\n<p><a href=\"https:\/\/izi.travel\/it\/browse\/bf5e09a3-f3dc-4639-bd97-f0a686f877fd\" target=\"_blank\" rel=\"noopener noreferrer\"><img decoding=\"async\" class=\"alignnone size-full wp-image-7846 aligncenter\" src=\"https:\/\/www.icchieri1.edu.it\/web\/wp-content\/uploads\/2020\/11\/download-2.png\" alt=\"\" width=\"461\" height=\"109\" srcset=\"https:\/\/www.icchieri1.edu.it\/web\/wp-content\/uploads\/2020\/11\/download-2-200x47.png 200w, https:\/\/www.icchieri1.edu.it\/web\/wp-content\/uploads\/2020\/11\/download-2-300x71.png 300w, https:\/\/www.icchieri1.edu.it\/web\/wp-content\/uploads\/2020\/11\/download-2-400x95.png 400w, https:\/\/www.icchieri1.edu.it\/web\/wp-content\/uploads\/2020\/11\/download-2.png 461w\" sizes=\"(max-width: 461px) 100vw, 461px\" \/><\/a><\/p>\n<\/div><\/div><\/div><div class=\"fusion-layout-column fusion_builder_column fusion-builder-column-4 fusion_builder_column_1_1 1_1 fusion-flex-column\" style=\"--awb-bg-size:cover;--awb-width-large:100%;--awb-margin-top-large:0px;--awb-spacing-right-large:1.92%;--awb-margin-bottom-large:20px;--awb-spacing-left-large:1.92%;--awb-width-medium:100%;--awb-order-medium:0;--awb-spacing-right-medium:1.92%;--awb-spacing-left-medium:1.92%;--awb-width-small:100%;--awb-order-small:0;--awb-spacing-right-small:1.92%;--awb-spacing-left-small:1.92%;\"><div class=\"fusion-column-wrapper fusion-column-has-shadow fusion-flex-justify-content-flex-start fusion-content-layout-column\"><div class=\"fusion-separator fusion-full-width-sep\" style=\"align-self: center;margin-left: auto;margin-right: auto;margin-top:20px;margin-bottom:20px;width:100%;\"><\/div><div class=\"fusion-text fusion-text-3\"><p><iframe style=\"border: 0px; pointer-events: none;\" src=\"https:\/\/www.google.com\/maps\/embed?pb=!1m18!1m12!1m3!1d2820.647822909823!2d7.827798851353185!3d45.011773171435244!2m3!1f0!2f0!3f0!3m2!1i1024!2i768!4f13.1!3m3!1m2!1s0x47880ae830549aa3%3A0x82f0d1b0efa20d7d!2sVia+Nostra+Signora+della+Scala%2C+77%2C+10023+Chieri+TO%2C+Italia!5e0!3m2!1sit!2suk!4v1477816114880\" width=\"100%\" height=\"450\" frameborder=\"0\" allowfullscreen=\"allowfullscreen\"><\/iframe><\/p>\n<\/div><\/div><\/div><\/div><\/div><div class=\"fusion-fullwidth fullwidth-box fusion-builder-row-3 fusion-flex-container nonhundred-percent-fullwidth non-hundred-percent-height-scrolling\" style=\"--awb-border-radius-top-left:0px;--awb-border-radius-top-right:0px;--awb-border-radius-bottom-right:0px;--awb-border-radius-bottom-left:0px;--awb-flex-wrap:wrap;\" ><div class=\"fusion-builder-row fusion-row fusion-flex-align-items-flex-start fusion-flex-content-wrap\" style=\"max-width:1248px;margin-left: calc(-4% \/ 2 );margin-right: calc(-4% \/ 2 );\"><div class=\"fusion-layout-column fusion_builder_column fusion-builder-column-5 fusion_builder_column_1_1 1_1 fusion-flex-column\" style=\"--awb-bg-size:cover;--awb-width-large:100%;--awb-margin-top-large:0px;--awb-spacing-right-large:1.92%;--awb-margin-bottom-large:20px;--awb-spacing-left-large:1.92%;--awb-width-medium:100%;--awb-order-medium:0;--awb-spacing-right-medium:1.92%;--awb-spacing-left-medium:1.92%;--awb-width-small:100%;--awb-order-small:0;--awb-spacing-right-small:1.92%;--awb-spacing-left-small:1.92%;\"><div class=\"fusion-column-wrapper fusion-column-has-shadow fusion-flex-justify-content-flex-start fusion-content-layout-column\"><div class=\"fusion-separator fusion-full-width-sep\" style=\"align-self: center;margin-left: auto;margin-right: auto;margin-top:20px;margin-bottom:20px;width:100%;\"><div class=\"fusion-separator-border sep-single sep-solid\" style=\"--awb-height:20px;--awb-amount:20px;border-color:#e2e2e2;border-top-width:1px;\"><\/div><\/div><div class=\"fusion-text fusion-text-4\"><p><strong>ORARI<\/strong><\/p>\n<ul>\n<li><strong>27 ore settimanali<br \/>\n<\/strong>\u00a0Frequenza di 5 mattine: lun.,merc.,giov.(8,30-12,50) mar. e ven (8,30 \u2013 12,30)e 3 pomeriggi \u2013 luned\u00ec, mercoled\u00ec, gioved\u00ec \u2013 (14,30 16,30), con l\u2019eventuale fruizione del servizio mensa. C\u2019\u00e8 la possibilit\u00e0 di partecipare ad attivit\u00e0 opzionali nei pomeriggi del marted\u00ec e del venerd\u00ec.<\/li>\n<li><strong>40 ore settimanali<br \/>\n<\/strong>Frequenza dal luned\u00ec al venerd\u00ec, dalle ore 8,30 alle ore 16,30.<\/li>\n<\/ul>\n<p><strong>PRE-SCUOLA<br \/>\nOrario\u00a0<\/strong>7,30 \u2013 8,25<\/p>\n<p><strong>POST-SCUOLA<br \/>\nOrario\u00a0<\/strong>16,30 \u2013 18,00<\/p>\n<\/div><div class=\"fusion-separator fusion-full-width-sep\" style=\"align-self: center;margin-left: auto;margin-right: auto;margin-top:20px;margin-bottom:20px;width:100%;\"><div class=\"fusion-separator-border sep-single sep-solid\" style=\"--awb-height:20px;--awb-amount:20px;border-color:#e2e2e2;border-top-width:1px;\"><\/div><\/div><div class=\"fusion-text fusion-text-5\"><p><strong>MENSA SCOLASTICA<br \/>\n<\/strong>Servizio a domanda individuale e a pagamento; gestito dagli Enti Comunali in collaborazione con i rappresentanti dei genitori e degli insegnanti della Scuola dell\u2019Infanzia e della Scuola Primaria.<br \/>\nL\u2019intervento educativo si attua anche durante il momento del pranzo.<\/p>\n<\/div><div ><a class=\"fusion-button button-flat fusion-button-default-size button-default fusion-button-default button-1 fusion-button-default-span fusion-button-default-type\" style=\"--awb-margin-top:20px;--awb-margin-bottom:20px;\" target=\"_blank\" rel=\"noopener noreferrer\" href=\"http:\/\/www.comune.chieri.to.it\/scuola-istruzione\/mensa\"><span class=\"fusion-button-text awb-button__text awb-button__text--default\">INFORMAZIONI SUL SERVIZIO DI\u00a0MENSA SCOLASTICA<\/span><\/a><\/div><div class=\"fusion-separator fusion-full-width-sep\" style=\"align-self: center;margin-left: auto;margin-right: auto;margin-top:20px;margin-bottom:20px;width:100%;\"><div class=\"fusion-separator-border sep-single sep-solid\" style=\"--awb-height:20px;--awb-amount:20px;border-color:#e2e2e2;border-top-width:1px;\"><\/div><\/div><div class=\"fusion-text fusion-text-6\"><p><strong>SCUOLABUS<br \/>\n<\/strong>Il\u00a0 Servizio si effettua a domanda individuale e a pagamento ed \u00e8 gestito dagli Enti Comunali.<\/p>\n<\/div><div ><a class=\"fusion-button button-flat fusion-button-default-size button-default fusion-button-default button-2 fusion-button-default-span fusion-button-default-type\" style=\"--awb-margin-top:20px;--awb-margin-bottom:20px;\" target=\"_blank\" rel=\"noopener noreferrer\" href=\"https:\/\/www.comune.chieri.to.it\/scuola-istruzione\/il-trasporto-scolastico\"><span class=\"fusion-button-text awb-button__text awb-button__text--default\">INFORMAZIONI SUL SERVIZIO DI\u00a0TRASPORTO\u00a0SCOLASTICO<\/span><\/a><\/div><\/div><\/div><\/div><\/div><\/p>\n","protected":false},"excerpt":{"rendered":"","protected":false},"author":1,"featured_media":0,"parent":275,"menu_order":0,"comment_status":"closed","ping_status":"closed","template":"100-width.php","meta":{"footnotes":""},"class_list":["post-279","page","type-page","status-publish","hentry"],"_links":{"self":[{"href":"https:\/\/www.icchieri1.edu.it\/web\/wp-json\/wp\/v2\/pages\/279","targetHints":{"allow":["GET"]}}],"collection":[{"href":"https:\/\/www.icchieri1.edu.it\/web\/wp-json\/wp\/v2\/pages"}],"about":[{"href":"https:\/\/www.icchieri1.edu.it\/web\/wp-json\/wp\/v2\/types\/page"}],"author":[{"embeddable":true,"href":"https:\/\/www.icchieri1.edu.it\/web\/wp-json\/wp\/v2\/users\/1"}],"replies":[{"embeddable":true,"href":"https:\/\/www.icchieri1.edu.it\/web\/wp-json\/wp\/v2\/comments?post=279"}],"version-history":[{"count":5,"href":"https:\/\/www.icchieri1.edu.it\/web\/wp-json\/wp\/v2\/pages\/279\/revisions"}],"predecessor-version":[{"id":8011,"href":"https:\/\/www.icchieri1.edu.it\/web\/wp-json\/wp\/v2\/pages\/279\/revisions\/8011"}],"up":[{"embeddable":true,"href":"https:\/\/www.icchieri1.edu.it\/web\/wp-json\/wp\/v2\/pages\/275"}],"wp:attachment":[{"href":"https:\/\/www.icchieri1.edu.it\/web\/wp-json\/wp\/v2\/media?parent=279"}],"curies":[{"name":"wp","href":"https:\/\/api.w.org\/{rel}","templated":true}]}}