{"id":5346,"date":"2019-03-27T13:53:49","date_gmt":"2019-03-27T12:53:49","guid":{"rendered":"http:\/\/www.icchieri1.edu.it\/web\/?page_id=5346"},"modified":"2022-11-21T11:48:37","modified_gmt":"2022-11-21T10:48:37","slug":"privacy-policy","status":"publish","type":"page","link":"https:\/\/www.icchieri1.edu.it\/web\/privacy-policy\/","title":{"rendered":"Privacy"},"content":{"rendered":"<div class=\"fusion-fullwidth fullwidth-box fusion-builder-row-1 fusion-flex-container nonhundred-percent-fullwidth non-hundred-percent-height-scrolling\" style=\"--awb-border-radius-top-left:0px;--awb-border-radius-top-right:0px;--awb-border-radius-bottom-right:0px;--awb-border-radius-bottom-left:0px;--awb-margin-top:20px;--awb-flex-wrap:wrap;\" ><div class=\"fusion-builder-row fusion-row fusion-flex-align-items-flex-start fusion-flex-content-wrap\" style=\"max-width:1248px;margin-left: calc(-4% \/ 2 );margin-right: calc(-4% \/ 2 );\"><div class=\"fusion-layout-column fusion_builder_column fusion-builder-column-0 fusion_builder_column_1_1 1_1 fusion-flex-column\" style=\"--awb-bg-size:cover;--awb-width-large:100%;--awb-margin-top-large:0px;--awb-spacing-right-large:1.92%;--awb-margin-bottom-large:20px;--awb-spacing-left-large:1.92%;--awb-width-medium:100%;--awb-order-medium:0;--awb-spacing-right-medium:1.92%;--awb-spacing-left-medium:1.92%;--awb-width-small:100%;--awb-order-small:0;--awb-spacing-right-small:1.92%;--awb-spacing-left-small:1.92%;\"><div class=\"fusion-column-wrapper fusion-column-has-shadow fusion-flex-justify-content-flex-start fusion-content-layout-column\"><div class=\"fusion-text fusion-text-1\"><h6 style=\"text-align: left;\"><strong>Informativa sul trattamento di dati personali ai sensi dell\u2019art.13 <\/strong><strong>del Regolamento (UE) 2016\/679 (GDPR) e della normativa <\/strong><strong>nazionale relativa alla protezione delle persone fisiche <\/strong><strong>con riguardo al trattamento dei dati personali.<\/strong><\/h6>\n<p style=\"text-align: left;\"><strong><span style=\"color: #000000; font-size: 18px;\">Responsabile della Protezione dei dati<\/span><\/strong><\/p>\n<p>Contatto del DPO\u00a0<a href=\"mailto:info@fasered.it\" target=\"_blank\" rel=\"noopener\">info@fasered.it<\/a><\/p>\n<h4><strong>Quali dati personali raccogliamo e perch\u00e9 li raccogliamo<\/strong><\/h4>\n<p>Ai sensi dell\u2019articolo 13 del GDPR 2016\/679, Le forniamo le seguenti informazioni:<\/p>\n<p>I dati personali raccolti tramite il nostro sito web sono trattati per consentire l\u2019erogazione dei servizi richiesti dai clienti, nonch\u00e9 per l\u2019adempimento di eventuali connessi obblighi di legge. Il conferimento dei dati personali per detta finalit\u00e0 \u00e8 funzionale ai servizi richiesti e l\u2019eventuale rifiuto di conferirli comporterebbe l\u2019impossibilit\u00e0 di eseguire i servizi.<\/p>\n<p>Il relativo trattamento non richiede il consenso degli interessati e i dati saranno oggetto di trattamento nel rispetto delle condizioni di liceit\u00e0 ex art. 6 Reg. UE 2016\/679.<\/p>\n<p>I dati personali potrebbero essere inoltre trattati per l\u2019invio di informazioni commerciali, promozionali e di servizi, direttamente da parte di quest\u2019ultima.<\/p>\n<p>Il trattamento sar\u00e0 effettuato sia con strumenti manuali e\/o informatici e telematici con logiche di organizzazione ed elaborazione strettamente correlate alle finalit\u00e0 stesse e comunque in modo da garantire la sicurezza, l\u2019integrit\u00e0 e la riservatezza dei dati stessi nel rispetto delle misure organizzative, fisiche e logiche previste dalle disposizioni vigenti.<\/p>\n<h4><strong>Dati di navigazione<\/strong><\/h4>\n<p>I sistemi informatici e le procedure software preposte al funzionamento del Sito acquisiscono, nel corso del loro normale esercizio, alcuni Dati Personali la cui trasmissione \u00e8 implicita nell\u2019uso dei protocolli di comunicazione di Internet. Si tratta di informazioni che non sono raccolte per essere associate a interessati identificati, ma che per loro stessa natura potrebbero, attraverso elaborazioni ed associazioni con dati detenuti da terzi, permettere di identificare gli utenti.<\/p>\n<p>In questa categoria di dati rientrano gli indirizzi IP o i nomi a dominio dei computer utilizzati dagli utenti che si connettono al Sito, gli indirizzi in notazione URI (Uniform Resource Identifier) delle risorse richieste, l\u2019orario della richiesta, il metodo utilizzato nel sottoporre la richiesta al server, la dimensione del file ottenuto in risposta, il codice numerico indicante lo stato della risposta data dal server (buon fine, errore, etc.) ed altri parametri relativi al sistema operativo e all\u2019ambiente informatico dell\u2019utente.<\/p>\n<p>Questi dati vengono utilizzati al solo fine di ricavare informazioni statistiche anonime sull\u2019uso del Sito e per controllarne il corretto funzionamento, per identificare anomalie e\/o abusi, e vengono cancellati immediatamente dopo l\u2019elaborazione.<\/p>\n<p>I dati potrebbero essere utilizzati per l\u2019accertamento di responsabilit\u00e0 in caso di ipotetici reati informatici ai danni del sito o di terzi: salva questa eventualit\u00e0, allo stato i dati sui contatti web non persistono per pi\u00f9 di sette giorni.<\/p>\n<h4><strong>Con chi condividiamo i tuoi dati<\/strong><\/h4>\n<p>Non condividiamo volontariamente i dati dei clienti con terze parti per scopi di marketing ma questo sito utilizza il servizio di Hosting su ARUBA, utilizza WordPress e si avvale dell\u2019uso di un tema professionale, di diversi plugins e del servizio di Google Analytics per monitorare gli accessi al sito web ed elaborare statistiche che potrebbero raccogliere dati personali tramite processi tecnici come moduli di contatto, commenti, cookie, statistiche e incorporamenti di terze parti.<\/p>\n<p>Questi siti web potrebbero raccogliere dati su di te, usare cookie, integrare ulteriori tracciamenti di terze parti e monitorare l\u2019interazione con quel contenuto incorporato, incluso il tracciamento della tua interazione con il contenuto incorporato se hai un account e hai effettuato l\u2019accesso a quel sito web.<\/p>\n<p>Di seguito i link sul trattamento delle dati da parte dei siti che gestiscono temi e dei plugins utilizzati in questo sito web:<\/p>\n<p>Trattamento dei dati di Google Analytics:\u00a0<a href=\"https:\/\/www.google.com\/intl\/it_it\/analytics\/learn\/privacy.html\" target=\"_blank\" rel=\"noopener noreferrer\">https:\/\/www.google.com\/intl\/it_it\/analytics\/learn\/privacy.html<\/a><\/p>\n<p>Conservazione dati di Google Analytics:\u00a0<a href=\"https:\/\/support.google.com\/analytics\/answer\/7667196\" target=\"_blank\" rel=\"noopener noreferrer\">https:\/\/support.google.com\/analytics\/answer\/7667196<\/a><\/p>\n<p>Layer Slider:\u00a0<a href=\"https:\/\/layerslider.kreaturamedia.com\/privacy\/\" target=\"_blank\" rel=\"noopener noreferrer\">https:\/\/layerslider.kreaturamedia.com\/privacy\/<\/a><\/p>\n<p>Manage WP:\u00a0<a href=\"http:\/\/managewp.com\/privacy\" target=\"_blank\" rel=\"noopener noreferrer\">http:\/\/managewp.com\/privacy<\/a><\/p>\n<p>Wordfence security:\u00a0<a href=\"https:\/\/www.wordfence.com\/privacy-policy\/\" target=\"_blank\" rel=\"noopener noreferrer\">https:\/\/www.wordfence.com\/privacy-policy\/<\/a><\/p>\n<p>WordPress:\u00a0<a href=\"https:\/\/it.wordpress.org\/about\/privacy\/\" target=\"_blank\" rel=\"noopener noreferrer\">https:\/\/it.wordpress.org\/about\/privacy\/<\/a><\/p>\n<p>Cookies notice:\u00a0<a href=\"https:\/\/dfactory.eu\/privacy-policy\/\" target=\"_blank\" rel=\"noopener noreferrer\">https:\/\/dfactory.eu\/privacy-policy\/<\/a><\/p>\n<p>Contact Form:\u00a0<a href=\"https:\/\/automattic.com\/cookies\/\" target=\"_blank\" rel=\"noopener noreferrer\">https:\/\/automattic.com\/cookies\/<\/a><\/p>\n<p>Envato:\u00a0<a href=\"https:\/\/envato.com\/privacy\/\" target=\"_blank\" rel=\"noopener noreferrer\">https:\/\/envato.com\/privacy\/<\/a><\/p>\n<h3 data-fontsize=\"28\" data-lineheight=\"42\"><strong>\u00a0<\/strong><\/h3>\n<h4><strong>Cookie<\/strong><\/h4>\n<p><strong>Cosa sono i cookie<\/strong><\/p>\n<p>I cookie sono dei piccoli file di dati che vengono memorizzati sul computer dell\u2019utente durante la navigazione e svolgono varie funzioni come ricordare i dati del login ai servizi, raccogliere informazioni statistiche sulle pagine visitate, identificare il browser e il dispositivo utilizzati, selezionare contenuti e comunicazioni mirati a seconda delle proprie preferenze e altro ancora. I cookie possono essere di vario tipo, a seconda della tipologia dati che memorizzano e di quanto tempo restano memorizzati sul dispositivo dell\u2019utente.<\/p>\n<p>I cookie di sessione, o temporanei sono quelli scadono o vengono cancellati alla chiusura del browser, mentre quelli persistenti hanno scadenze pi\u00f9 lunghe (da pochi minuti a mesi interi) a seconda delle funzioni che svolgono. Sono proprio queste funzioni che distinguono i cookie in due categorie: tecnici e non tecnici (o di profilazione).<\/p>\n<p><strong>Cosa sono i Cookie di profilazione<\/strong><\/p>\n<p>Possono essere installati da parte del\/dei Titolare\/i, mediante software di c.d. web analytics, cookie di profilazione, i quali sono utilizzati per predisporre report di analisi dettagliati e in tempo reale relativi ad informazioni su: visitatori di un sito web, motori di ricerca di provenienza, parole chiave utilizzate, lingua di utilizzo, pagine pi\u00f9 visitate.<\/p>\n<p>Gli stessi possono raccogliere informazioni e dati quali indirizzo IP, nazionalit\u00e0, citt\u00e0, data\/orario, dispositivo, browser, sistema operativo, risoluzione dello schermo, provenienza di navigazione, pagine visitate e numero di pagine, durata della visita, numero di visite effettuate e analizzare gli interessi e le abitudini di navigazione dei singoli utenti, per erogare, ad esempio, contenuti, anche pubblicitari, mirati a particolari interessi.<\/p>\n<p><strong>I cookie utilizzati nel nostro sito<\/strong><\/p>\n<p>Questo sito utilizza sulle sue pagine\u00a0cookie tecnici\u00a0e\u00a0di terze parti, al fine di migliorare l\u2019esperienza sul proprio sito, adattandolo, ad esempio, a seconda del browser e del dispositivo in uso.<\/p>\n<p>Se ti trovi sul questo sito e visualizzi il banner informativo dell\u2019esistenza dei cookie, se prosegui la navigazione sul sito, cliccando su qualsiasi elemento del sito o su un\u2019immagine o anche semplicemente scorrendo la pagina o chiudendo il layer informativo cliccando il tasto \u201cX\u201d, acconsenti all\u2019utilizzo dei cookie descritti in questa informativa e implementati nelle pagine del sito.<\/p>\n<p><strong>Cookie tecnici<\/strong><\/p>\n<p>I Cookie tecnici gestiscono i dati necessari all\u2019erogazione delle pagine e facilitano la navigazione, permettendo, ad esempio, di non dover reinserire user e password per accedere a particolari servizi, di ricordare l\u2019ultima pagina visitata o fino a che punto si \u00e8 visto un video, di riconoscere il tipo di dispositivo in uso e di adattare le dimensioni delle immagini di conseguenza.<\/p>\n<p>I cookie tecnici consentono inoltre di effettuare analisi statistiche aggregate sulle pagine pi\u00f9 visitate e sulle preferenze degli utenti, ma solo in forma anonima, e non vengono utilizzati per analizzare il comportamento o le preferenze dei singoli utenti.<\/p>\n<p><strong>Cookie di terze parti<\/strong><\/p>\n<p>I cookie di terze parti gestiscono dati analitici e di profilazione sono impiegati per rilevare informazioni sul comportamento degli utenti sul sito. La rilevazione avviene in forma anonima, al fine di monitorare le prestazioni e migliorare l\u2019usabilit\u00e0 del sito.<\/p>\n<p>I dati raccolti da terze parti, come Google Analytics, Google Doubleclick, Youtube, Yahoo, Bing, possono essere utilizzati per creare profili relativi agli utenti, al fine di proporre messaggi pubblicitari in linea con le scelte manifestate dagli utenti medesimi.<\/p>\n<p>L\u2019utilizzo di questi cookie \u00e8 disciplinato dalle regole predisposte dalle terze parti medesime, pertanto, si invitano gli Utenti a prendere visione delle informative privacy e delle indicazioni per gestire o disabilitare i cookie pubblicate nelle seguenti pagine web:<\/p>\n<p><strong>\u00a0Per cookie di Google Analytics:<br \/>\n<\/strong>\u2013 privacy policy:\u00a0<a href=\"https:\/\/www.google.com\/intl\/it\/policies\/privacy\/\" target=\"_blank\" rel=\"noopener noreferrer\">https:\/\/www.google.com\/intl\/it\/policies\/privacy\/<\/a><br \/>\n\u2013 indicazioni per gestire o disabilitare i cookie:\u00a0<a href=\"https:\/\/support.google.com\/accounts\/answer\/61416?hl=it\" target=\"_blank\" rel=\"noopener noreferrer\">https:\/\/support.google.com\/accounts\/answer\/61416?hl=it<\/a><\/p>\n<p><strong>Per cookie di Google Doubleclick:<br \/>\n<\/strong>\u2013 privacy policy:\u00a0<a href=\"https:\/\/www.google.com\/intl\/it\/policies\/privacy\/\" target=\"_blank\" rel=\"noopener noreferrer\">https:\/\/www.google.com\/intl\/it\/policies\/privacy\/<\/a><br \/>\n\u2013 indicazioni gestire o disabilitare i cookie:\u00a0<a href=\"https:\/\/www.google.com\/settings\/ads\/plugin\" target=\"_blank\" rel=\"noopener noreferrer\">https:\/\/www.google.com\/settings\/ads\/plugin<\/a><\/p>\n<p><strong>Per cookie di Yahoo:<br \/>\n<\/strong>-privacy policy e indicazioni per gestire o disabilitare i cookie: \u00a0<a href=\"https:\/\/policies.yahoo.com\/ie\/it\/yahoo\/privacy\/euoathnoticefaq\/\" target=\"_blank\" rel=\"noopener noreferrer\">https:\/\/policies.yahoo.com\/ie\/it\/yahoo\/privacy\/euoathnoticefaq\/<\/a><\/p>\n<p><strong>Per cookie di Facebook:<br \/>\n<\/strong>\u2013 privacy policy:\u00a0<a href=\"https:\/\/www.facebook.com\/privacy\/explanation\" target=\"_blank\" rel=\"noopener noreferrer\">https:\/\/www.facebook.com\/privacy\/explanation<\/a><br \/>\n\u2013 indicazioni gestire o disabilitare i cookie:\u00a0<a href=\"https:\/\/www.facebook.com\/help\/cookies\/\" target=\"_blank\" rel=\"noopener noreferrer\">https:\/\/www.facebook.com\/help\/cookies\/<\/a><\/p>\n<p><strong>Per cookie di Youtube:<br \/>\n<\/strong>-privacy policy:\u00a0<a href=\"https:\/\/www.youtube.com\/intl\/it\/yt\/about\/policies\/#community-guidelines\" target=\"_blank\" rel=\"noopener noreferrer\">https:\/\/www.youtube.com\/intl\/it\/yt\/about\/policies\/#community-guidelines<\/a><br \/>\n\u2013 indicazioni per gestire o disabilitare i cookie:\u00a0<a href=\"https:\/\/support.google.com\/accounts\/answer\/61416?hl=it\" target=\"_blank\" rel=\"noopener noreferrer\">https:\/\/support.google.com\/accounts\/answer\/61416?hl=it<\/a><\/p>\n<p><strong>Per cookie di Bing:<br \/>\n<\/strong>-privacy policy e indicazioni per gestire o disabilitare i cookie\u00a0<a href=\"https:\/\/privacy.microsoft.com\/it-it\/privacystatement\" target=\"_blank\" rel=\"noopener noreferrer\">https:\/\/privacy.microsoft.com\/it-it\/privacystatement<\/a><\/p>\n<p><strong>Come disabilitare i cookie<\/strong><\/p>\n<p>Il consenso alla ricezione dei cookie pu\u00f2 essere espresso anche mediante specifiche configurazioni del browser da parte degli utenti. La maggior parte dei browser permette di impostare regole per gestire i cookie inviati solo da alcuni o da tutti i siti, opzione che offre agli utenti un controllo pi\u00f9 preciso della privacy e di negare la possibilit\u00e0 di ricezione dei cookie stessi Desideriamo ricordare che la restrizione della capacit\u00e0 dei siti web di inviare i cookie pu\u00f2 peggiorare l\u2019esperienza di navigazione globale degli utenti.<\/p>\n<p>Suggeriamo all\u2019Utente di consultare il manuale del proprio dispositivo o la funzione \u201cAiuto\u201d o \u201cHelp\u201d del proprio browser internet.<\/p>\n<p>Di seguito si indicano agli Utenti i link che spiegano come gestire o disabilitare i cookie per i browser internet pi\u00f9 diffusi:<\/p>\n<p><strong>Internet Explorer<\/strong>:\u00a0<a href=\"http:\/\/windows.microsoft.com\/it-IT\/internet-explorer\/delete-manage-cookies\" target=\"_blank\" rel=\"noopener noreferrer\">http:\/\/windows.microsoft.com\/it-IT\/internet-explorer\/delete-manage-cookies<\/a><\/p>\n<p><strong>Google Chrome<\/strong>:\u00a0<a href=\"https:\/\/support.google.com\/chrome\/answer\/95647\" target=\"_blank\" rel=\"noopener noreferrer\">https:\/\/support.google.com\/chrome\/answer\/95647<\/a><\/p>\n<p><strong>Mozilla Firefox<\/strong>:\u00a0<a href=\"http:\/\/support.mozilla.org\/it\/kb\/Gestione%20dei%20cookie\" target=\"_blank\" rel=\"noopener noreferrer\">http:\/\/support.mozilla.org\/it\/kb\/Gestione%20dei%20cookie<\/a><\/p>\n<p><strong>Opera<\/strong>:\u00a0<a href=\"http:\/\/help.opera.com\/Windows\/10.00\/it\/cookies.html\" target=\"_blank\" rel=\"noopener noreferrer\">http:\/\/help.opera.com\/Windows\/10.00\/it\/cookies.html<\/a><\/p>\n<p><strong>Safari<\/strong>:\u00a0<a href=\"https:\/\/support.apple.com\/kb\/PH19255\" target=\"_blank\" rel=\"noopener noreferrer\">https:\/\/support.apple.com\/kb\/PH19255<\/a><\/p>\n<p><strong>Facebook<\/strong>:\u00a0<a href=\"https:\/\/www.facebook.com\/policies\/cookies\/\" target=\"_blank\" rel=\"noopener noreferrer\">https:\/\/www.facebook.com\/policies\/cookies\/<\/a><\/p>\n<h3><\/h3>\n<h4><strong>Per quanto tempo conserviamo i tuoi dati<\/strong><\/h4>\n<p>I dati personali raccolti attraverso questo sito web, tramite messaggi inviati dagli utenti all\u2019indirizzo email <a href=\"mailto:TOIC8AV005@istruzione.it\">TOIC8AV005@istruzione.it<\/a>, verranno conservati solo a scopo di archiviazione per il \u00a0periodo necessario a rispondere alle vostre richieste ed eventualmente per assolvere obblighi di legge.<\/p>\n<p>In qualunque momento \u00e8 possibile richiederne la cancellazione con le modalit\u00e0 di seguito elencate.<\/p>\n<h4><strong>Quali diritti hai sui tuoi dati<\/strong><\/h4>\n<p>In qualunque momento puoi\u00a0 richiedere di quali tuoi dati personali siamo in possesso. Potrai richiedere in qualsiasi momento la cancellazione dei tuoi dati inviando la richiesta alla mail <a href=\"mailto:TOIC8AV005@istruzione.it\">TOIC8AV005@istruzione.it<\/a><\/p>\n<p>Questo non include i dati che siamo obbligati a conservare per scopi amministrativi, legali o di sicurezza.<\/p>\n<h4><strong>\u00a0<\/strong><strong>Le tue informazioni di contatto<\/strong><\/h4>\n<p>Contatto del DPO\u00a0<a href=\"mailto:info@fasered.it\" target=\"_blank\" rel=\"noopener\">info@fasered.it<\/a><\/p>\n<h4><strong>Come proteggiamo i tuoi dati<\/strong><\/h4>\n<p>Il trattamento sar\u00e0 effettuato sia con strumenti manuali e\/o informatici e telematici con logiche di organizzazione ed elaborazione strettamente correlate alle finalit\u00e0 stesse e comunque in modo da garantire la sicurezza, l\u2019integrit\u00e0 e la riservatezza dei dati stessi nel rispetto delle misure organizzative, fisiche e logiche previste dalle disposizioni vigenti.<\/p>\n<h3><strong>Quali procedure abbiamo predisposto per prevenire la violazione dei dati<\/strong><\/h3>\n<p>Utilizziamo firewall costantemente monitorati e aggiornati e copie di backup per prevenire perdite o danneggiamento dei dati. Software antivirus costantemente aggiornati garantiscono protezione da virus troyan e malware.<\/p>\n<\/div><\/div><\/div><\/div><\/div>\n","protected":false},"excerpt":{"rendered":"","protected":false},"author":2,"featured_media":0,"parent":0,"menu_order":0,"comment_status":"closed","ping_status":"closed","template":"100-width.php","meta":{"footnotes":""},"class_list":["post-5346","page","type-page","status-publish","hentry"],"_links":{"self":[{"href":"https:\/\/www.icchieri1.edu.it\/web\/wp-json\/wp\/v2\/pages\/5346","targetHints":{"allow":["GET"]}}],"collection":[{"href":"https:\/\/www.icchieri1.edu.it\/web\/wp-json\/wp\/v2\/pages"}],"about":[{"href":"https:\/\/www.icchieri1.edu.it\/web\/wp-json\/wp\/v2\/types\/page"}],"author":[{"embeddable":true,"href":"https:\/\/www.icchieri1.edu.it\/web\/wp-json\/wp\/v2\/users\/2"}],"replies":[{"embeddable":true,"href":"https:\/\/www.icchieri1.edu.it\/web\/wp-json\/wp\/v2\/comments?post=5346"}],"version-history":[{"count":5,"href":"https:\/\/www.icchieri1.edu.it\/web\/wp-json\/wp\/v2\/pages\/5346\/revisions"}],"predecessor-version":[{"id":9965,"href":"https:\/\/www.icchieri1.edu.it\/web\/wp-json\/wp\/v2\/pages\/5346\/revisions\/9965"}],"wp:attachment":[{"href":"https:\/\/www.icchieri1.edu.it\/web\/wp-json\/wp\/v2\/media?parent=5346"}],"curies":[{"name":"wp","href":"https:\/\/api.w.org\/{rel}","templated":true}]}}